{"id":82,"date":"2024-11-01T13:57:25","date_gmt":"2024-11-01T13:57:25","guid":{"rendered":"https:\/\/ursimonewietlisbachfoundation.ch\/?page_id=82"},"modified":"2024-11-29T09:06:04","modified_gmt":"2024-11-29T09:06:04","slug":"datenschutz","status":"publish","type":"page","link":"https:\/\/ursimonewietlisbachfoundation.ch\/de\/datenschutz\/","title":{"rendered":"Datenschutz"},"content":{"rendered":"<div class=\"wpb-content-wrapper\">[vc_row][vc_column][vc_column_text css=&#8220;&#8220;]\n<h1>Datenschutz<\/h1>\n<p>Die nachfolgende Datenschutzerkl\u00e4rung gilt f\u00fcr die Nutzung dieser Website. Die Website unterliegt dem Schweizer <a href=\"https:\/\/www.fedlex.admin.ch\/eli\/cc\/2022\/491\/de\" target=\"_blank\" rel=\"noopener\">Bundesgesetz \u00fcber den Datenschutz (DSG)<\/a> und ber\u00fccksichtigt die zentralen Punkte der <a href=\"https:\/\/www.gdprexplained.eu\/de\/\" target=\"_blank\" rel=\"noopener\">Datenschutz-Grundverordnung (DSGVO)<\/a> der Europ\u00e4ischen Union (EU).<\/p>\n<p>Im Rahmen der geltenden Datenschutzgesetze und technischen M\u00f6glichkeiten sind wir um die Sicherheit Ihrer Daten bem\u00fcht. Ihre personenbezogenen Daten werden bei uns in der Regel verschl\u00fcsselt \u00fcbertragen. Wir benutzen das Codierungssystem SSL (Secure-Socket-Layer), die Daten\u00fcbertragung im Internet (z. B. bei einer Kommunikation per E-Mail) kann jedoch Sicherheitsl\u00fccken aufweisen.<\/p>\n<p>Diese Datenschutzerkl\u00e4rung wird regelm\u00e4ssig erg\u00e4nzt und den rechtlichen Anforderungen sowie den angebotenen Dienstleistungen angepasst. Es gilt jeweils die aktuelle Datenschutzerkl\u00e4rung. Die \u00c4nderungen treten in Kraft, sobald sie auf unserer Website ver\u00f6ffentlicht wurden.<\/p>\n<h2>Verarbeitung von personenbezogenen Daten<\/h2>\n<p>Sie haben die M\u00f6glichkeit, sich unter Angabe Ihrer personenbezogenen Daten auf der Website f\u00fcr verschiedene Dienstleistungen zu registrieren. Welche personenbezogenen Daten dabei \u00fcbermittelt werden, ergibt sich in der Regel aus der Eingabemaske, die jeweils f\u00fcr die Registrierung verwendet wird.<\/p>\n<p>Personenbezogene Daten sind Informationen, die sich auf eine bestimmte oder bestimmbare Person beziehen. Dies kann z. B der Name, die Anschrift, die E-Mail-Adresse oder auch die Telefonnummer einer Person sein. Diese personenbezogenen Daten k\u00f6nnen von uns verarbeitet werden. Unter Verarbeitung versteht man jeden mit oder ohne Hilfe automatisierter Verfahren ausgef\u00fchrten Vorgang oder jede solche Vorgangsreihe im Zusammenhang mit personenbezogenen Daten, darunter die Erhebung, die Erfassung, die Organisation, die Sortierung, die Speicherung, die Anpassung oder Ver\u00e4nderung, die Auslesung, die Abfrage, die Verwendung, die Offenlegung durch \u00dcbermittlung, Verbreitung oder eine andere Form der Bereitstellung, den Abgleich oder die Verkn\u00fcpfung, die Einschr\u00e4nkung, die L\u00f6schung oder die Vernichtung.<\/p>\n<p>Die von Ihnen eingegebenen personenbezogenen Daten werden ausschliesslich f\u00fcr die interne Verwendung beim f\u00fcr die Verarbeitung Verantwortlichen und f\u00fcr eigene Zwecke erhoben und gespeichert. Wo immer m\u00f6glich, werden die Daten anonymisiert. Unter Anonymisierung versteht man, dass keine R\u00fcckschl\u00fcsse hinsichtlich der betroffenen Person gezogen werden k\u00f6nnen.<\/p>\n<h2>Daten, welche direkt von uns erhoben werden<\/h2>\n<p>Im Rahmen der Nutzung unserer Website und der damit verbundenen Dienstleistungen, k\u00f6nnen wir folgende personenbezogene Daten erheben:<\/p>\n<p><em>Anfrageformulare<\/em><\/p>\n<p>Wenn Sie eine Frage oder ein Anliegen an uns haben, k\u00f6nnen Sie per Formular eine Anfrage an uns stellen. Welche personenbezogenen Daten bei der Anfrage \u00fcbermittelt werden, ergibt sich aus der entsprechenden Eingabemaske. Ihre Daten k\u00f6nnen in der Software eines Drittanbieters manuell erfasst oder per Schnittstelle importiert werden. Sie k\u00f6nnen von uns per E-Mail, postalisches Schreiben oder Telefon zu Ihrem Anliegen informiert werden. Sie haben jederzeit die M\u00f6glichkeit, sich von dieser Dienstleistung abzumelden.<\/p>\n<h2>Daten, welche durch Dienstleistungen Dritter erhoben werden<\/h2>\n<p>Um die Qualit\u00e4t unserer Dienstleistungen kontinuierlich zu verbessern, sind auf unserer Website folgende Technologien eingebunden:<\/p>\n<p><em>Cookies<\/em><\/p>\n<p>In bestimmten F\u00e4llen setzen wir Cookies ein. Durch Cookies k\u00f6nnen die Informationen und Angebote auf unserer Website im Sinne der Benutzer optimiert werden. Cookies erm\u00f6glichen uns die Wiedererkennung von Benutzern unserer Website. Zweck dieser Wiedererkennung ist es, den Benutzern die Verwendung unserer Website zu erleichtern. Sie k\u00f6nnen die Setzung von Cookies durch unsere Website jederzeit \u00fcber eine entsprechende Einstellung im von Ihnen benutzten Internetbrowser verhindern und damit der Setzung von Cookies dauerhaft widersprechen.<\/p>\n<p><em>Verwendung von Google Analytics<\/em><\/p>\n<p>Google Analytics ist ein Webanalysedienst. Unsere Webanalyse umfasst die anonyme Erhebung, Sammlung und Auswertung von Daten betreffend das Verhalten von Besuchern von Websites. Ein Webanalysedienst erfasst unter anderem Daten dar\u00fcber, von welcher Drittwebsite ein Benutzer auf unsere Website gekommen ist, auf welche Unterseiten der Website zugegriffen oder wie oft und f\u00fcr welche Verweildauer eine Unterseite betrachtet wurde. Zur Aufzeichnung dieser Informationen setzt Google Analytics ein Cookie ein. Wie oben erw\u00e4hnt, k\u00f6nnen Sie die Setzung von Cookies durch unsere Website jederzeit \u00fcber eine entsprechende Einstellung im von Ihnen benutzten Internetbrowser verhindern.<\/p>\n<p><em>Verwendung von Scriptbibliotheken<\/em><\/p>\n<p>Um Inhalte korrekt darzustellen, verwenden wir auf unserer Website Script- und Schriftbibliotheken (z. B. Google Webfonts). Der Aufruf einer Script- oder Schriftbibliothek hat zur Folge, dass eine Verbindung zum Anbieter der Bibliothek hergestellt wird. Es ist m\u00f6glich, dass der Betreiber der Bibliothek Daten dieser Verbindung erhebt.<\/p>\n<p><em>Verwendung von Google Maps<\/em><\/p>\n<p>Wir nutzen eine Schnittstelle zu geospezifischen Daten von Google, um ortsbasierte Informationen zu visualisieren. Hierbei werden von Google Daten \u00fcber die Nutzung der Kartenfunktion aufgezeichnet und verwendet. Informationen \u00fcber die Datennutzung durch Google kann den Datenschutzhinweisen von Google entnommen werden.<\/p>\n<h2>Ihre Rechte als Benutzer unserer Webseite<\/h2>\n<p>Gem\u00e4ss den anwendbaren Gesetzen haben Sie verschiedene Rechte bez\u00fcglich Ihrer personenbezogenen Daten. Sie k\u00f6nnen bei unserer mit dem Datenschutz beauftragten Person folgende Rechte geltend machen:<\/p>\n<ul>\n<li>Auskunft \u00fcber Ihre gespeicherten Daten und die damit verbundene Verarbeitung<\/li>\n<li>Berichtigung falscher personenbezogener Daten<\/li>\n<li>L\u00f6schung Ihrer gespeicherten Daten<\/li>\n<li>Einschr\u00e4nkung der Datenverarbeitung, sofern wir Ihre Daten aufgrund gesetzlicher Pflichten noch nicht l\u00f6schen d\u00fcrfen<\/li>\n<li>Widerspruch gegen die Verarbeitung Ihrer Daten<\/li>\n<li>Daten\u00fcbertragbarkeit, d. h. Erhalt der gespeicherten Daten in einem maschinenlesbaren Format, sofern Sie in die Datenverarbeitung eingewilligt oder einen Vertrag mit uns abgeschlossen haben<\/li>\n<\/ul>\n<h2>Verantwortung<\/h2>\n<p>Verantwortlich f\u00fcr die Erhebung, Verarbeitung und Nutzung Ihrer personenbezogenen Daten ist:<\/p>\n<p>Ursimone Wietlisbach Foundation<br \/>\nStefan Germann<br \/>\nBahnhofstrasse 25<br \/>\nCH-6300 Zug<br \/>\nSchweiz<\/p>\n<p><a href=\"http:\/\/www.ursimonewietlisbachfoundation.ch\/\">www.ursimonewietlisbachfoundation.ch<\/a><\/p>\n<p>Falls Sie der Erhebung, Verarbeitung oder Nutzung Ihrer Daten durch uns nach Massgabe dieser Datenschutzbestimmungen insgesamt oder in Bezug auf einzelne Massnahmen widersprechen wollen, richten Sie Ihren Widerspruch an die verantwortliche Person.[\/vc_column_text]<div class=\"vcex-spacing wpex-w-100 wpex-clear\" style=\"height:40px;\"><\/div>[\/vc_column][\/vc_row]\n<\/div>","protected":false},"excerpt":{"rendered":"<p>[vc_row][vc_column][vc_column_text css=&#8220;&#8220;] Datenschutz Die nachfolgende Datenschutzerkl\u00e4rung gilt f\u00fcr die Nutzung dieser Website. Die Website unterliegt dem Schweizer Bundesgesetz \u00fcber den Datenschutz (DSG) und ber\u00fccksichtigt die zentralen Punkte der Datenschutz-Grundverordnung (DSGVO) der Europ\u00e4ischen Union (EU). Im Rahmen der geltenden Datenschutzgesetze und technischen M\u00f6glichkeiten sind wir um die Sicherheit Ihrer Daten bem\u00fcht. Ihre personenbezogenen Daten werden bei&hellip;<\/p>\n","protected":false},"author":2,"featured_media":0,"parent":0,"menu_order":0,"comment_status":"closed","ping_status":"closed","template":"","meta":{"footnotes":""},"class_list":["post-82","page","type-page","status-publish","hentry","entry","no-media"],"yoast_head":"<!-- This site is optimized with the Yoast SEO plugin v26.7 - https:\/\/yoast.com\/wordpress\/plugins\/seo\/ -->\n<title>Datenschutz | Ursimone Wietlisbach Foundtation<\/title>\n<meta name=\"robots\" content=\"noindex, follow\" \/>\n<meta property=\"og:locale\" content=\"de_DE\" \/>\n<meta property=\"og:type\" content=\"article\" \/>\n<meta property=\"og:title\" content=\"Datenschutz | Ursimone Wietlisbach Foundtation\" \/>\n<meta property=\"og:description\" content=\"[vc_row][vc_column][vc_column_text css=&#8220;&#8220;] Datenschutz Die nachfolgende Datenschutzerkl\u00e4rung gilt f\u00fcr die Nutzung dieser Website. Die Website unterliegt dem Schweizer Bundesgesetz \u00fcber den Datenschutz (DSG) und ber\u00fccksichtigt die zentralen Punkte der Datenschutz-Grundverordnung (DSGVO) der Europ\u00e4ischen Union (EU). Im Rahmen der geltenden Datenschutzgesetze und technischen M\u00f6glichkeiten sind wir um die Sicherheit Ihrer Daten bem\u00fcht. Ihre personenbezogenen Daten werden bei&hellip;\" \/>\n<meta property=\"og:url\" content=\"https:\/\/ursimonewietlisbachfoundation.ch\/de\/datenschutz\/\" \/>\n<meta property=\"og:site_name\" content=\"Ursimone Wietlisbach Foundtation\" \/>\n<meta property=\"article:modified_time\" content=\"2024-11-29T09:06:04+00:00\" \/>\n<meta property=\"og:image\" content=\"https:\/\/ursimonewietlisbachfoundation.ch\/wp-content\/uploads\/2024\/11\/shutterstock_2467410239-scaled.webp\" \/>\n\t<meta property=\"og:image:width\" content=\"2560\" \/>\n\t<meta property=\"og:image:height\" content=\"1707\" \/>\n\t<meta property=\"og:image:type\" content=\"image\/webp\" \/>\n<meta name=\"twitter:card\" content=\"summary_large_image\" \/>\n<meta name=\"twitter:label1\" content=\"Gesch\u00e4tzte Lesezeit\" \/>\n\t<meta name=\"twitter:data1\" content=\"4\u00a0Minuten\" \/>\n<script type=\"application\/ld+json\" class=\"yoast-schema-graph\">{\"@context\":\"https:\/\/schema.org\",\"@graph\":[{\"@type\":\"WebPage\",\"@id\":\"https:\/\/ursimonewietlisbachfoundation.ch\/de\/datenschutz\/\",\"url\":\"https:\/\/ursimonewietlisbachfoundation.ch\/de\/datenschutz\/\",\"name\":\"Datenschutz | Ursimone Wietlisbach Foundtation\",\"isPartOf\":{\"@id\":\"https:\/\/ursimonewietlisbachfoundation.ch\/#website\"},\"datePublished\":\"2024-11-01T13:57:25+00:00\",\"dateModified\":\"2024-11-29T09:06:04+00:00\",\"breadcrumb\":{\"@id\":\"https:\/\/ursimonewietlisbachfoundation.ch\/de\/datenschutz\/#breadcrumb\"},\"inLanguage\":\"de\",\"potentialAction\":[{\"@type\":\"ReadAction\",\"target\":[\"https:\/\/ursimonewietlisbachfoundation.ch\/de\/datenschutz\/\"]}]},{\"@type\":\"BreadcrumbList\",\"@id\":\"https:\/\/ursimonewietlisbachfoundation.ch\/de\/datenschutz\/#breadcrumb\",\"itemListElement\":[{\"@type\":\"ListItem\",\"position\":1,\"name\":\"Home\",\"item\":\"https:\/\/ursimonewietlisbachfoundation.ch\/de\/\"},{\"@type\":\"ListItem\",\"position\":2,\"name\":\"Datenschutz\"}]},{\"@type\":\"WebSite\",\"@id\":\"https:\/\/ursimonewietlisbachfoundation.ch\/#website\",\"url\":\"https:\/\/ursimonewietlisbachfoundation.ch\/\",\"name\":\"Ursimone Wietlisbach Foundation\",\"description\":\"\",\"publisher\":{\"@id\":\"https:\/\/ursimonewietlisbachfoundation.ch\/#organization\"},\"potentialAction\":[{\"@type\":\"SearchAction\",\"target\":{\"@type\":\"EntryPoint\",\"urlTemplate\":\"https:\/\/ursimonewietlisbachfoundation.ch\/?s={search_term_string}\"},\"query-input\":{\"@type\":\"PropertyValueSpecification\",\"valueRequired\":true,\"valueName\":\"search_term_string\"}}],\"inLanguage\":\"de\"},{\"@type\":\"Organization\",\"@id\":\"https:\/\/ursimonewietlisbachfoundation.ch\/#organization\",\"name\":\"Ursimone Wietlisbach Foundtation\",\"url\":\"https:\/\/ursimonewietlisbachfoundation.ch\/\",\"logo\":{\"@type\":\"ImageObject\",\"inLanguage\":\"de\",\"@id\":\"https:\/\/ursimonewietlisbachfoundation.ch\/#\/schema\/logo\/image\/\",\"url\":\"https:\/\/ursimonewietlisbachfoundation.ch\/wp-content\/uploads\/2024\/11\/UWF-Logo.png\",\"contentUrl\":\"https:\/\/ursimonewietlisbachfoundation.ch\/wp-content\/uploads\/2024\/11\/UWF-Logo.png\",\"width\":604,\"height\":178,\"caption\":\"Ursimone Wietlisbach Foundtation\"},\"image\":{\"@id\":\"https:\/\/ursimonewietlisbachfoundation.ch\/#\/schema\/logo\/image\/\"}}]}<\/script>\n<!-- \/ Yoast SEO plugin. -->","yoast_head_json":{"title":"Datenschutz | Ursimone Wietlisbach Foundtation","robots":{"index":"noindex","follow":"follow"},"og_locale":"de_DE","og_type":"article","og_title":"Datenschutz | Ursimone Wietlisbach Foundtation","og_description":"[vc_row][vc_column][vc_column_text css=&#8220;&#8220;] Datenschutz Die nachfolgende Datenschutzerkl\u00e4rung gilt f\u00fcr die Nutzung dieser Website. Die Website unterliegt dem Schweizer Bundesgesetz \u00fcber den Datenschutz (DSG) und ber\u00fccksichtigt die zentralen Punkte der Datenschutz-Grundverordnung (DSGVO) der Europ\u00e4ischen Union (EU). Im Rahmen der geltenden Datenschutzgesetze und technischen M\u00f6glichkeiten sind wir um die Sicherheit Ihrer Daten bem\u00fcht. Ihre personenbezogenen Daten werden bei&hellip;","og_url":"https:\/\/ursimonewietlisbachfoundation.ch\/de\/datenschutz\/","og_site_name":"Ursimone Wietlisbach Foundtation","article_modified_time":"2024-11-29T09:06:04+00:00","og_image":[{"width":2560,"height":1707,"url":"https:\/\/ursimonewietlisbachfoundation.ch\/wp-content\/uploads\/2024\/11\/shutterstock_2467410239-scaled.webp","type":"image\/webp"}],"twitter_card":"summary_large_image","twitter_misc":{"Gesch\u00e4tzte Lesezeit":"4\u00a0Minuten"},"schema":{"@context":"https:\/\/schema.org","@graph":[{"@type":"WebPage","@id":"https:\/\/ursimonewietlisbachfoundation.ch\/de\/datenschutz\/","url":"https:\/\/ursimonewietlisbachfoundation.ch\/de\/datenschutz\/","name":"Datenschutz | Ursimone Wietlisbach Foundtation","isPartOf":{"@id":"https:\/\/ursimonewietlisbachfoundation.ch\/#website"},"datePublished":"2024-11-01T13:57:25+00:00","dateModified":"2024-11-29T09:06:04+00:00","breadcrumb":{"@id":"https:\/\/ursimonewietlisbachfoundation.ch\/de\/datenschutz\/#breadcrumb"},"inLanguage":"de","potentialAction":[{"@type":"ReadAction","target":["https:\/\/ursimonewietlisbachfoundation.ch\/de\/datenschutz\/"]}]},{"@type":"BreadcrumbList","@id":"https:\/\/ursimonewietlisbachfoundation.ch\/de\/datenschutz\/#breadcrumb","itemListElement":[{"@type":"ListItem","position":1,"name":"Home","item":"https:\/\/ursimonewietlisbachfoundation.ch\/de\/"},{"@type":"ListItem","position":2,"name":"Datenschutz"}]},{"@type":"WebSite","@id":"https:\/\/ursimonewietlisbachfoundation.ch\/#website","url":"https:\/\/ursimonewietlisbachfoundation.ch\/","name":"Ursimone Wietlisbach Foundation","description":"","publisher":{"@id":"https:\/\/ursimonewietlisbachfoundation.ch\/#organization"},"potentialAction":[{"@type":"SearchAction","target":{"@type":"EntryPoint","urlTemplate":"https:\/\/ursimonewietlisbachfoundation.ch\/?s={search_term_string}"},"query-input":{"@type":"PropertyValueSpecification","valueRequired":true,"valueName":"search_term_string"}}],"inLanguage":"de"},{"@type":"Organization","@id":"https:\/\/ursimonewietlisbachfoundation.ch\/#organization","name":"Ursimone Wietlisbach Foundtation","url":"https:\/\/ursimonewietlisbachfoundation.ch\/","logo":{"@type":"ImageObject","inLanguage":"de","@id":"https:\/\/ursimonewietlisbachfoundation.ch\/#\/schema\/logo\/image\/","url":"https:\/\/ursimonewietlisbachfoundation.ch\/wp-content\/uploads\/2024\/11\/UWF-Logo.png","contentUrl":"https:\/\/ursimonewietlisbachfoundation.ch\/wp-content\/uploads\/2024\/11\/UWF-Logo.png","width":604,"height":178,"caption":"Ursimone Wietlisbach Foundtation"},"image":{"@id":"https:\/\/ursimonewietlisbachfoundation.ch\/#\/schema\/logo\/image\/"}}]}},"_links":{"self":[{"href":"https:\/\/ursimonewietlisbachfoundation.ch\/de\/wp-json\/wp\/v2\/pages\/82","targetHints":{"allow":["GET"]}}],"collection":[{"href":"https:\/\/ursimonewietlisbachfoundation.ch\/de\/wp-json\/wp\/v2\/pages"}],"about":[{"href":"https:\/\/ursimonewietlisbachfoundation.ch\/de\/wp-json\/wp\/v2\/types\/page"}],"author":[{"embeddable":true,"href":"https:\/\/ursimonewietlisbachfoundation.ch\/de\/wp-json\/wp\/v2\/users\/2"}],"replies":[{"embeddable":true,"href":"https:\/\/ursimonewietlisbachfoundation.ch\/de\/wp-json\/wp\/v2\/comments?post=82"}],"version-history":[{"count":1,"href":"https:\/\/ursimonewietlisbachfoundation.ch\/de\/wp-json\/wp\/v2\/pages\/82\/revisions"}],"predecessor-version":[{"id":249,"href":"https:\/\/ursimonewietlisbachfoundation.ch\/de\/wp-json\/wp\/v2\/pages\/82\/revisions\/249"}],"wp:attachment":[{"href":"https:\/\/ursimonewietlisbachfoundation.ch\/de\/wp-json\/wp\/v2\/media?parent=82"}],"curies":[{"name":"wp","href":"https:\/\/api.w.org\/{rel}","templated":true}]}}